{"id":2131,"date":"2019-01-04T15:12:27","date_gmt":"2019-01-04T15:12:27","guid":{"rendered":"https:\/\/excellentcare.es\/?page_id=2131"},"modified":"2024-05-17T08:51:49","modified_gmt":"2024-05-17T08:51:49","slug":"ueber-uns","status":"publish","type":"page","link":"https:\/\/excellentcare.es\/de\/ueber-uns\/","title":{"rendered":"\u00dcber uns"},"content":{"rendered":"<div class=\"wpb-content-wrapper\"><p>[vc_row full_width=&#8221;stretch_row_content_no_spaces&#8221; parallax=&#8221;content-moving&#8221; inverse=&#8221;&#8221;][vc_column][vc_single_image image=&#8221;1643&#8243; img_size=&#8221;1920&#215;500&#8243; alignment=&#8221;center&#8221; el_id=&#8221;over ons&#8221;][\/vc_column][\/vc_row][vc_row full_width=&#8221;stretch_row&#8221; css=&#8221;.vc_custom_1519996596569{padding-top: 40px !important;background-image: url(https:\/\/excellentcare.es\/wp-content\/uploads\/2016\/02\/backgroung-2.png?id=958) !important;background-position: center !important;background-repeat: no-repeat !important;background-size: cover !important;}&#8221;][vc_column width=&#8221;1\/2&#8243;]<div class=\"sc_section sc_section_block \"><div class=\"sc_section_inner\"><div class=\"sc_section_content_wrap\"><h3 class=\"sc_title sc_title_regular\">Wer sind wir<\/h3>[vc_column_text css=&#8221;.vc_custom_1546614665381{margin-top: 2.2rem !important;margin-bottom: 3.2rem !important;}&#8221;]Sie sind f\u00fcr Excellent Care Spain von zentraler Bedeutung. Denn es geht um Sie: Ihre Geschichte, Ihre W\u00fcnsche, Ihre Tr\u00e4ume.<\/p>\n<p>Excellent Care Spain ist die Heimpflegeorganisation an der Costa Blanca. Wir stehen f\u00fcr hohe Qualit\u00e4t und den Mehrwert des Lebens.<\/p>\n<p>Mitarbeiter w\u00e4hlen bewusst unsere Organisation und teilen unsere Werte. Wir arbeiten ausschlie\u00dflich mit erfahrenen Mitarbeitern zusammen, die die richtigen Diplome besitzen.[\/vc_column_text][vc_column_text css=&#8221;.vc_custom_1519991876605{margin-top: 2.2rem !important;margin-bottom: 3.2rem !important;}&#8221;][\/vc_column_text]<\/div><\/div><\/div>[\/vc_column][vc_column width=&#8221;1\/2&#8243;]<div class=\"sc_section sc_section_block \"><div class=\"sc_section_inner\"><div class=\"sc_section_content_wrap\">[vc_column_text css=&#8221;.vc_custom_1715935907058{margin-top: 2.2rem !important;margin-bottom: 3.2rem !important;}&#8221;]Wir fragen die Mitarbeiter, ob sie sich selbst erkennen und ob sie sich f\u00fcr das Excellent Care Profile verpflichten wollen:<\/p>\n<ul>\n<li>Serviceorientiert<\/li>\n<li>Repr\u00e4sentativ<\/li>\n<li>Herzliche, engagierte Pers\u00f6nlichkeit<\/li>\n<li>Respektvolle Behandlung<\/li>\n<li>Ruhe und Kontinuit\u00e4t<\/li>\n<li>Vorsichtig und p\u00fcnktlich<\/li>\n<li>Unabh\u00e4ngig<\/li>\n<\/ul>\n<p>[\/vc_column_text][vc_column_text css=&#8221;.vc_custom_1519991876605{margin-top: 2.2rem !important;margin-bottom: 3.2rem !important;}&#8221;][\/vc_column_text]<\/div><\/div><\/div>[\/vc_column][\/vc_row][vc_row full_width=&#8221;stretch_row&#8221; css=&#8221;.vc_custom_1520938201677{padding-top: 30px !important;padding-bottom: 5.1rem !important;background-position: center !important;background-repeat: no-repeat !important;background-size: cover !important;}&#8221;][vc_column width=&#8221;1\/2&#8243;]<div class=\"sc_section sc_section_block \"><div class=\"sc_section_inner\"><div class=\"sc_section_content_wrap\">[vc_single_image image=&#8221;2090&#8243; img_size=&#8221;850&#215;611&#8243; alignment=&#8221;center&#8221;][vc_column_text css=&#8221;.vc_custom_1519991876605{margin-top: 2.2rem !important;margin-bottom: 3.2rem !important;}&#8221;][\/vc_column_text]<\/div><\/div><\/div>[\/vc_column][vc_column width=&#8221;1\/2&#8243;]<div class=\"sc_section sc_section_block \"><div class=\"sc_section_inner\"><div class=\"sc_section_content_wrap\"><h3 class=\"sc_title sc_title_regular\">Unser Arbeitsbereich<\/h3>[vc_column_text css=&#8221;.vc_custom_1547111905491{margin-top: 2.2rem !important;margin-bottom: 3.2rem !important;}&#8221;]Sie k\u00f6nnen uns an der Costa Blanca von Denia bis Torrevieja anrufen.<\/p>\n<p>Bei der h\u00e4uslichen Pflege werden Ihre W\u00fcnsche von einer Krankenschwester festgelegt. Dann machen wir einen Plan mit Ihnen. Sie bestimmen, wann und von wem Sie geholfen wird.<\/p>\n<p>Ein kleines, festes Team von Hausmeistern kommt zu Ihnen nach Hause. Wir wissen, dass es wichtig ist dass Sie sich kennen lernen und dass es klickt. Darauf achten wir ausdr\u00fccklich. Wir bewerten die Pflege regelm\u00e4\u00dfig, Sie k\u00f6nnen aber auch angeben, ob Sie etwas anderes w\u00fcnschen. Wir passen uns gerne an![\/vc_column_text][vc_column_text css=&#8221;.vc_custom_1519991876605{margin-top: 2.2rem !important;margin-bottom: 3.2rem !important;}&#8221;][\/vc_column_text]<\/div><\/div><\/div>[\/vc_column][\/vc_row]<\/p>\n<\/div>","protected":false},"excerpt":{"rendered":"<p>[vc_row full_width=&#8221;stretch_row_content_no_spaces&#8221; parallax=&#8221;content-moving&#8221; inverse=&#8221;&#8221;][vc_column][vc_single_image image=&#8221;1643&#8243; img_size=&#8221;1920&#215;500&#8243; alignment=&#8221;center&#8221; el_id=&#8221;over ons&#8221;][\/vc_column][\/vc_row][vc_row full_width=&#8221;stretch_row&#8221; css=&#8221;.vc_custom_1519996596569{padding-top: 40px !important;background-image: url(https:\/\/excellentcare.es\/wp-content\/uploads\/2016\/02\/backgroung-2.png?id=958) !important;background-position: center !important;background-repeat: no-repeat !important;background-size: cover !important;}&#8221;][vc_column width=&#8221;1\/2&#8243;][\/vc_column][vc_column width=&#8221;1\/2&#8243;][\/vc_column][\/vc_row][vc_row full_width=&#8221;stretch_row&#8221; css=&#8221;.vc_custom_1520938201677{padding-top: 30px !important;padding-bottom: 5.1rem !important;background-position: center !important;background-repeat: no-repeat !important;background-size: cover !important;}&#8221;][vc_column width=&#8221;1\/2&#8243;][\/vc_column][vc_column width=&#8221;1\/2&#8243;][\/vc_column][\/vc_row]<\/p>\n","protected":false},"author":1,"featured_media":0,"parent":0,"menu_order":0,"comment_status":"closed","ping_status":"closed","template":"","meta":{"footnotes":""},"class_list":["post-2131","page","type-page","status-publish","hentry"],"_links":{"self":[{"href":"https:\/\/excellentcare.es\/de\/wp-json\/wp\/v2\/pages\/2131","targetHints":{"allow":["GET"]}}],"collection":[{"href":"https:\/\/excellentcare.es\/de\/wp-json\/wp\/v2\/pages"}],"about":[{"href":"https:\/\/excellentcare.es\/de\/wp-json\/wp\/v2\/types\/page"}],"author":[{"embeddable":true,"href":"https:\/\/excellentcare.es\/de\/wp-json\/wp\/v2\/users\/1"}],"replies":[{"embeddable":true,"href":"https:\/\/excellentcare.es\/de\/wp-json\/wp\/v2\/comments?post=2131"}],"version-history":[{"count":4,"href":"https:\/\/excellentcare.es\/de\/wp-json\/wp\/v2\/pages\/2131\/revisions"}],"predecessor-version":[{"id":2753,"href":"https:\/\/excellentcare.es\/de\/wp-json\/wp\/v2\/pages\/2131\/revisions\/2753"}],"wp:attachment":[{"href":"https:\/\/excellentcare.es\/de\/wp-json\/wp\/v2\/media?parent=2131"}],"curies":[{"name":"wp","href":"https:\/\/api.w.org\/{rel}","templated":true}]}}