{"id":2134,"date":"2019-01-04T15:23:22","date_gmt":"2019-01-04T15:23:22","guid":{"rendered":"https:\/\/excellentcare.es\/?page_id=2134"},"modified":"2024-05-17T08:43:38","modified_gmt":"2024-05-17T08:43:38","slug":"krankenversicherung","status":"publish","type":"page","link":"https:\/\/excellentcare.es\/de\/krankenversicherung\/","title":{"rendered":"Krankenversicherung"},"content":{"rendered":"<div class=\"wpb-content-wrapper\"><p>[vc_row full_width=&#8221;stretch_row_content&#8221; equal_height=&#8221;yes&#8221; content_placement=&#8221;middle&#8221; font_color=&#8221;#393830&#8243;][vc_column width=&#8221;1\/2&#8243; css=&#8221;.vc_custom_1520936282671{background-image: url(https:\/\/excellentcare.es\/wp-content\/uploads\/2018\/03\/financiering_1.jpg?id=1645) !important;background-position: center !important;background-repeat: no-repeat !important;background-size: cover !important;}&#8221;][vc_empty_space height=&#8221;500px&#8221;][\/vc_column][vc_column width=&#8221;1\/2&#8243; css=&#8221;.vc_custom_1465424544432{padding-top: 50px !important;padding-right: 5% !important;padding-bottom: 50px !important;padding-left: 5% !important;}&#8221;]<h1 class=\"sc_title sc_title_regular\"><strong>Krankenversicherung<\/strong><\/h1>[vc_column_text font_family=&#8221;Montserrat&#8221; font_size=&#8221;16px&#8221; css=&#8221;.vc_custom_1546614997979{margin-bottom: 25px !important;}&#8221;]Jedes Land hat eigene Regeln f\u00fcr die Erstattung von Pfleget\u00e4tigkeiten im Ausland. Aus diesem Grund ist es ratsam, Ihre Versicherungsgesellschaft zu kontaktieren, zu wissen, wie dies in Ihrem Land organisiert ist<\/p>\n<p>Neben der Finanzierung durch die Krankenversicherung k\u00f6nnen Sie auch die private h\u00e4usliche Pflege in Anspruch nehmen.[\/vc_column_text][\/vc_column][\/vc_row][vc_row full_width=&#8221;stretch_row_content&#8221; equal_height=&#8221;yes&#8221; content_placement=&#8221;middle&#8221; font_color=&#8221;#393830&#8243;][vc_column width=&#8221;1\/2&#8243; css=&#8221;.vc_custom_1520936239956{background-image: url(https:\/\/excellentcare.es\/wp-content\/uploads\/2018\/03\/thuiszorg_costa_blanca_diensten.jpg?id=1695) !important;background-position: center !important;background-repeat: no-repeat !important;background-size: cover !important;}&#8221; el_class=&#8221;vc_col-sm-push-6&#8243;][vc_empty_space height=&#8221;500px&#8221;][\/vc_column][vc_column width=&#8221;1\/2&#8243; luv_text_alignment=&#8221;left&#8221; font_family=&#8221;Montserrat&#8221; css=&#8221;.vc_custom_1520602796933{padding-top: 50px !important;padding-right: 5% !important;padding-bottom: 50px !important;padding-left: 5% !important;}&#8221; link_color=&#8221;#f28e22&#8243; el_class=&#8221;vc_col-sm-pull-6&#8243;]<h1 class=\"sc_title sc_title_regular\"><strong>Private Pflege<\/strong><\/h1>[vc_column_text font_family=&#8221;Montserrat&#8221; font_size=&#8221;16px&#8221; css=&#8221;.vc_custom_1715935404203{margin-bottom: 25px !important;padding-top: 25px !important;}&#8221;]Excellent Care Spain wendet unterschiedliche Tarife an. Die Pflegekosten richten sich nach Ihren W\u00fcnschen. F\u00fcr eine \u00dcbersicht unserer Tarife kontaktieren Sie uns bitte.<\/p>\n<p>Nat\u00fcrlich k\u00f6nnen wir Ihnen mit den R\u00fcckzahlungen von den zust\u00e4ndigen Organisationen helfen.[\/vc_column_text][\/vc_column][\/vc_row][vc_row full_width=&#8221;stretch_row&#8221; inverse=&#8221;&#8221; el_class=&#8221;accent1_bgc&#8221;][vc_column]<div id=\"sc_call_to_action_298059775\" class=\"sc_call_to_action sc_call_to_action_accented sc_call_to_action_style_2 sc_call_to_action_align_left\" style=\"width:100%;\"><div class=\"columns_wrap\"><div class=\"sc_call_to_action_info column-3_4\"><h2 class=\"sc_call_to_action_title sc_item_title\">Haben Sie Fragen oder brauchen Sie Rat?<\/h2><div class=\"sc_call_to_action_descr sc_item_descr\">Bitte kontaktieren Sie uns f\u00fcr eine \u00dcbersicht unserer Preise.<\/div><\/div><div class=\"sc_call_to_action_buttons sc_item_buttons column-1_4\"><div class=\"sc_call_to_action_button sc_item_button\"><a href=\"https:\/\/excellentcare.es\/de\/kontakt\/\" class=\"sc_button sc_button_square sc_button_style_filled sc_button_size_small\">KONTAKT<\/a><\/div><\/div><\/div><\/div>[\/vc_column][\/vc_row]<\/p>\n<\/div>","protected":false},"excerpt":{"rendered":"<p>[vc_row full_width=&#8221;stretch_row_content&#8221; equal_height=&#8221;yes&#8221; content_placement=&#8221;middle&#8221; font_color=&#8221;#393830&#8243;][vc_column width=&#8221;1\/2&#8243; css=&#8221;.vc_custom_1520936282671{background-image: url(https:\/\/excellentcare.es\/wp-content\/uploads\/2018\/03\/financiering_1.jpg?id=1645) !important;background-position: center !important;background-repeat: no-repeat !important;background-size: cover !important;}&#8221;][vc_empty_space height=&#8221;500px&#8221;][\/vc_column][vc_column width=&#8221;1\/2&#8243; css=&#8221;.vc_custom_1465424544432{padding-top: 50px !important;padding-right: 5% !important;padding-bottom: 50px !important;padding-left: 5% !important;}&#8221;][vc_column_text font_family=&#8221;Montserrat&#8221; font_size=&#8221;16px&#8221; css=&#8221;.vc_custom_1546614997979{margin-bottom: 25px !important;}&#8221;]Jedes Land hat eigene Regeln f\u00fcr die Erstattung von Pfleget\u00e4tigkeiten im Ausland. Aus diesem Grund ist es ratsam, Ihre Versicherungsgesellschaft zu kontaktieren, zu wissen, wie [&hellip;]<\/p>\n","protected":false},"author":1,"featured_media":2136,"parent":0,"menu_order":0,"comment_status":"closed","ping_status":"closed","template":"","meta":{"footnotes":""},"class_list":["post-2134","page","type-page","status-publish","has-post-thumbnail","hentry"],"_links":{"self":[{"href":"https:\/\/excellentcare.es\/de\/wp-json\/wp\/v2\/pages\/2134","targetHints":{"allow":["GET"]}}],"collection":[{"href":"https:\/\/excellentcare.es\/de\/wp-json\/wp\/v2\/pages"}],"about":[{"href":"https:\/\/excellentcare.es\/de\/wp-json\/wp\/v2\/types\/page"}],"author":[{"embeddable":true,"href":"https:\/\/excellentcare.es\/de\/wp-json\/wp\/v2\/users\/1"}],"replies":[{"embeddable":true,"href":"https:\/\/excellentcare.es\/de\/wp-json\/wp\/v2\/comments?post=2134"}],"version-history":[{"count":6,"href":"https:\/\/excellentcare.es\/de\/wp-json\/wp\/v2\/pages\/2134\/revisions"}],"predecessor-version":[{"id":2749,"href":"https:\/\/excellentcare.es\/de\/wp-json\/wp\/v2\/pages\/2134\/revisions\/2749"}],"wp:featuredmedia":[{"embeddable":true,"href":"https:\/\/excellentcare.es\/de\/wp-json\/wp\/v2\/media\/2136"}],"wp:attachment":[{"href":"https:\/\/excellentcare.es\/de\/wp-json\/wp\/v2\/media?parent=2134"}],"curies":[{"name":"wp","href":"https:\/\/api.w.org\/{rel}","templated":true}]}}