{"id":2144,"date":"2019-01-07T09:02:41","date_gmt":"2019-01-07T09:02:41","guid":{"rendered":"https:\/\/excellentcare.es\/?page_id=2144"},"modified":"2025-06-23T13:17:02","modified_gmt":"2025-06-23T13:17:02","slug":"kontakt","status":"publish","type":"page","link":"https:\/\/excellentcare.es\/de\/kontakt\/","title":{"rendered":"Kontakt"},"content":{"rendered":"<div class=\"wpb-content-wrapper\"><p>[vc_row css=&#8221;.vc_custom_1520937777852{margin-bottom: 6.6rem !important;}&#8221; el_class=&#8221;sc_form sc_form_style_form_2&#8243;][vc_column width=&#8221;1\/2&#8243;][vc_column_text]<\/p>\n<div class=\"sc_form_title sc_item_title\">\n<h2>Haben Sie Fragen oder brauchen Sie Rat?<\/h2>\n<\/div>\n<div class=\"sc_form_subtitle sc_item_subtitle\">Dann k\u00f6nnen Sie mit Joena van Vondel Kontakt aufnehmen. Sie ist die Gr\u00fcnderin von Excellent Care Spain und verf\u00fcgt \u00fcber mehr als 25 Jahre Erfahrung im Gesundheitswesen. Sie erreichen sie unter der unten angegebenen Telefonnummer oder \u00fcber das Kontaktformular.<\/div>\n<div class=\"sc_form_delimiter\"><\/div>\n<p>[\/vc_column_text]\n<div class=\"wpcf7 no-js\" id=\"wpcf7-f2150-o1\" lang=\"nl-NL\" dir=\"ltr\" data-wpcf7-id=\"2150\">\n<div class=\"screen-reader-response\"><p role=\"status\" aria-live=\"polite\" aria-atomic=\"true\"><\/p> <ul><\/ul><\/div>\n<form action=\"\/de\/wp-json\/wp\/v2\/pages\/2144#wpcf7-f2150-o1\" method=\"post\" class=\"wpcf7-form init\" aria-label=\"Contactformulier\" enctype=\"multipart\/form-data\" novalidate=\"novalidate\" data-status=\"init\">\n<fieldset class=\"hidden-fields-container\"><input type=\"hidden\" name=\"_wpcf7\" value=\"2150\" \/><input type=\"hidden\" name=\"_wpcf7_version\" value=\"6.1.5\" \/><input type=\"hidden\" name=\"_wpcf7_locale\" value=\"nl_NL\" \/><input type=\"hidden\" name=\"_wpcf7_unit_tag\" value=\"wpcf7-f2150-o1\" \/><input type=\"hidden\" name=\"_wpcf7_container_post\" value=\"0\" \/><input type=\"hidden\" name=\"_wpcf7_posted_data_hash\" value=\"\" \/><input type=\"hidden\" name=\"_wpcf7_recaptcha_response\" value=\"\" \/>\n<\/fieldset>\n<!--div class=\"sc_form_info\"-->\n<div class=\"sc_form_item sc_form_field label_over\">\n\t<p><label class=\"required\" for=\"sc_form_username\">Name<\/label><input size=\"40\" maxlength=\"400\" class=\"wpcf7-form-control wpcf7-text wpcf7-validates-as-required\" id=\"sc_form_username\" aria-required=\"true\" aria-invalid=\"false\" placeholder=\"Name *\" value=\"\" type=\"text\" name=\"c_name\" \/>\n\t<\/p>\n<\/div>\n<div class=\"sc_form_item sc_form_field label_over\">\n\t<p><label class=\"required\" for=\"sc_form_email\">E-mail<\/label><input size=\"40\" maxlength=\"400\" class=\"wpcf7-form-control wpcf7-email wpcf7-validates-as-required wpcf7-text wpcf7-validates-as-email\" id=\"sc_form_email\" aria-required=\"true\" aria-invalid=\"false\" placeholder=\"E-mail *\" value=\"\" type=\"email\" name=\"c_email\" \/>\n\t<\/p>\n<\/div>\n<!--\/div-->\n<div class=\"sc_form_item sc_form_field label_over\">\n\t<p><label class=\"required\" for=\"id:sc_form_phone \">Tel.:<\/label><input size=\"40\" maxlength=\"400\" class=\"wpcf7-form-control wpcf7-tel wpcf7-validates-as-required wpcf7-text wpcf7-validates-as-tel\" id=\"sc_form_phone\" aria-required=\"true\" aria-invalid=\"false\" placeholder=\"Telefon *\" value=\"\" type=\"tel\" name=\"phone\" \/>\n\t<\/p>\n<\/div>\n<div class=\"sc_form_item sc_form_field label_over\">\n\t<p><label class=\"required\" for=\"sc_form_message\">Betreff<\/label><input size=\"40\" maxlength=\"400\" class=\"wpcf7-form-control wpcf7-text wpcf7-validates-as-required\" id=\"sc_form_message\" aria-required=\"true\" aria-invalid=\"false\" placeholder=\"Betreff *\" value=\"\" type=\"text\" name=\"c_subject\" \/>\n\t<\/p>\n<\/div>\n<div class=\"sc_form_item sc_form_message label_over\">\n\t<p><label class=\"required\" for=\"sc_form_message\">Nachricht<\/label><textarea cols=\"40\" rows=\"10\" maxlength=\"2000\" class=\"wpcf7-form-control wpcf7-textarea wpcf7-validates-as-required\" aria-required=\"true\" aria-invalid=\"false\" placeholder=\"Nachricht *\" name=\"c_message\"><\/textarea>\n\t<\/p>\n<\/div>\n<div class=\"upload-btn-wrapper\">\n\t<p><button class=\"btn\" onclick=\"event.preventDefault();jQuery('[name=c_file]').click();\">Datei hinzuf\u00fcgen<\/button><br \/>\n<input size=\"40\" class=\"wpcf7-form-control wpcf7-file\" accept=\".doc,.docx,.odt,.rtf,.pdf,.ppt,.pptx\" aria-invalid=\"false\" type=\"file\" name=\"c_file\" \/>\n\t<\/p>\n<\/div>\n<div class=\"file-name\">\n\t<p>Es wurde keine Datei hochgeladen\n\t<\/p>\n<\/div>\n<p><span class=\"wpcf7-form-control wpcf7-wpgdprc wpcf7-validates-as-required\"><span class=\"wpcf7-list-item\"><input type=\"checkbox\" name=\"wpgdprc\" value=\"1\" aria-required=\"true\" aria-invalid=\"false\" \/><span class=\"wpcf7-list-item-label\">Wenn Sie dieses Formular verwenden, stimmen Sie der Speicherung und Verarbeitung Ihrer Daten \u00fcber diese Website zu.<\/span><\/span><\/span>    \n<\/p>\n<p><input class=\"wpcf7-form-control wpcf7-submit has-spinner\" type=\"submit\" value=\"Senden\" \/><br \/>\n<script>jQuery('[name=c_file]').change(function(){\n\tlet val = jQuery(this).val();\n\tif(val.length > 40) {\n\t\tval = \"...\" + val.slice(-37);\n\t}\n\tjQuery('.file-name').text(val);\n})<\/script>\n<\/p><div class=\"wpcf7-response-output\" aria-hidden=\"true\"><\/div>\n<\/form>\n<\/div>\n[\/vc_column][vc_column width=&#8221;1\/2&#8243;][vc_raw_html]JTNDZGl2JTIwY2xhc3MlM0QlMjJzY19mb3JtX2FkZHJlc3MlMjBjb2x1bW4tcmlnaHQlMjBhbGlnbnJpZ2h0JTIyJTNFJTBBJTIwJTIwJTNDZGl2JTIwY2xhc3MlM0QlMjJzY19mb3JtX3RpdGxlJTIwc2NfaXRlbV90aXRsZSUyMiUzRSUzQ2gyJTNFTG9jYXRpZSUzQyUyRmgyJTNFJTNDJTJGZGl2JTNFJTBBJTIwJTIwJTNDZGl2JTIwY2xhc3MlM0QlMjJzY19mb3JtX2RlbGltaXRlciUyMiUzRSUzQyUyRmRpdiUzRSUwQSUyMCUyMCUzQ2RpdiUyMGNsYXNzJTNEJTIyc2NfZm9ybV9jb250YWN0X2luZm8lMjIlM0UlMEElMjAlMjAlMjAlMjAlM0NkaXYlMjBjbGFzcyUzRCUyMnNjX2Zvcm1fYWRkcmVzc19maWVsZCUyMiUzRSUwQSUyMCUyMCUyMCUyMCUyMCUyMCUzQ3NwYW4lMjBjbGFzcyUzRCUyMnNjX2Zvcm1fYWRkcmVzc19sYWJlbCUyMiUzRUFkcmVzc2UlM0ElM0MlMkZzcGFuJTNFJTBBJTIwJTIwJTIwJTIwJTIwJTIwJTNDc3BhbiUyMGNsYXNzJTNEJTIyc2NfZm9ybV9hZGRyZXNzX2RhdGElMjIlM0VQYXJ0aWRhJTIwVmlueWVudCUyMDE0JTIwQS4lMjAwMzcyMCUyQyUyMEJlbmlzc2ElM0MlMkZzcGFuJTNFJTBBJTIwJTIwJTIwJTIwJTNDJTJGZGl2JTNFJTBBJTIwJTIwJTIwJTIwJTNDZGl2JTIwY2xhc3MlM0QlMjJzY19mb3JtX2FkZHJlc3NfZmllbGQlMjIlM0UlMEElMjAlMjAlMjAlMjAlMjAlMjAlM0NzcGFuJTIwY2xhc3MlM0QlMjJzY19mb3JtX2FkZHJlc3NfbGFiZWwlMjIlM0VUZWxlZm9ubnVtbWVyJTNBJTNDJTJGc3BhbiUzRSUwQSUyMCUyMCUyMCUyMCUyMCUyMCUzQ3NwYW4lMjBjbGFzcyUzRCUyMnNjX2Zvcm1fYWRkcmVzc19kYXRhJTIyJTNFMDAzMSUyMDYyMzM4NzMwMSUzQ2JyJTNFMDAzNCUyMDY5MTI3NzY4OCUzQyUyRnNwYW4lM0UlMEElMjAlMjAlMjAlMjAlM0MlMkZkaXYlM0UlMEElMjAlMjAlMjAlMjAlM0NkaXYlMjBjbGFzcyUzRCUyMnNjX2Zvcm1fYWRkcmVzc19maWVsZCUyMiUzRSUwQSUyMCUyMCUyMCUyMCUyMCUyMCUzQ3NwYW4lMjBjbGFzcyUzRCUyMnNjX2Zvcm1fYWRkcmVzc19sYWJlbCUyMiUzRU1haWwlM0ElM0MlMkZzcGFuJTNFJTBBJTIwJTIwJTIwJTIwJTIwJTIwJTNDc3BhbiUyMGNsYXNzJTNEJTIyc2NfZm9ybV9hZGRyZXNzX2RhdGElMjBtYWlsJTIyJTNFaW5mbyU0MGV4Y2VsbGVudGNhcmUuZXMlM0MlMkZzcGFuJTNFJTBBJTIwJTIwJTIwJTIwJTNDJTJGZGl2JTNFJTBBJTIwJTIwJTNDJTJGZGl2JTNFJTBBJTNDJTJGZGl2JTNF[\/vc_raw_html][vc_single_image image=&#8221;2661&#8243; img_size=&#8221;full&#8221;][\/vc_column][\/vc_row]<\/p>\n<\/div>","protected":false},"excerpt":{"rendered":"<p>[vc_row css=&#8221;.vc_custom_1520937777852{margin-bottom: 6.6rem !important;}&#8221; el_class=&#8221;sc_form sc_form_style_form_2&#8243;][vc_column width=&#8221;1\/2&#8243;][vc_column_text] Haben Sie Fragen oder brauchen Sie Rat? Dann k\u00f6nnen Sie mit Joena van Vondel Kontakt aufnehmen. Sie ist die Gr\u00fcnderin von Excellent Care Spain und verf\u00fcgt \u00fcber mehr als 25 Jahre Erfahrung im Gesundheitswesen. Sie erreichen sie unter der unten angegebenen Telefonnummer oder \u00fcber das Kontaktformular. [\/vc_column_text][\/vc_column][vc_column width=&#8221;1\/2&#8243;][vc_raw_html]JTNDZGl2JTIwY2xhc3MlM0QlMjJzY19mb3JtX2FkZHJlc3MlMjBjb2x1bW4tcmlnaHQlMjBhbGlnbnJpZ2h0JTIyJTNFJTBBJTIwJTIwJTNDZGl2JTIwY2xhc3MlM0QlMjJzY19mb3JtX3RpdGxlJTIwc2NfaXRlbV90aXRsZSUyMiUzRSUzQ2gyJTNFTG9jYXRpZSUzQyUyRmgyJTNFJTNDJTJGZGl2JTNFJTBBJTIwJTIwJTNDZGl2JTIwY2xhc3MlM0QlMjJzY19mb3JtX2RlbGltaXRlciUyMiUzRSUzQyUyRmRpdiUzRSUwQSUyMCUyMCUzQ2RpdiUyMGNsYXNzJTNEJTIyc2NfZm9ybV9jb250YWN0X2luZm8lMjIlM0UlMEElMjAlMjAlMjAlMjAlM0NkaXYlMjBjbGFzcyUzRCUyMnNjX2Zvcm1fYWRkcmVzc19maWVsZCUyMiUzRSUwQSUyMCUyMCUyMCUyMCUyMCUyMCUzQ3NwYW4lMjBjbGFzcyUzRCUyMnNjX2Zvcm1fYWRkcmVzc19sYWJlbCUyMiUzRUFkcmVzc2UlM0ElM0MlMkZzcGFuJTNFJTBBJTIwJTIwJTIwJTIwJTIwJTIwJTNDc3BhbiUyMGNsYXNzJTNEJTIyc2NfZm9ybV9hZGRyZXNzX2RhdGElMjIlM0VQYXJ0aWRhJTIwVmlueWVudCUyMDE0JTIwQS4lMjAwMzcyMCUyQyUyMEJlbmlzc2ElM0MlMkZzcGFuJTNFJTBBJTIwJTIwJTIwJTIwJTNDJTJGZGl2JTNFJTBBJTIwJTIwJTIwJTIwJTNDZGl2JTIwY2xhc3MlM0QlMjJzY19mb3JtX2FkZHJlc3NfZmllbGQlMjIlM0UlMEElMjAlMjAlMjAlMjAlMjAlMjAlM0NzcGFuJTIwY2xhc3MlM0QlMjJzY19mb3JtX2FkZHJlc3NfbGFiZWwlMjIlM0VUZWxlZm9ubnVtbWVyJTNBJTNDJTJGc3BhbiUzRSUwQSUyMCUyMCUyMCUyMCUyMCUyMCUzQ3NwYW4lMjBjbGFzcyUzRCUyMnNjX2Zvcm1fYWRkcmVzc19kYXRhJTIyJTNFMDAzMSUyMDYyMzM4NzMwMSUzQ2JyJTNFMDAzNCUyMDY5MTI3NzY4OCUzQyUyRnNwYW4lM0UlMEElMjAlMjAlMjAlMjAlM0MlMkZkaXYlM0UlMEElMjAlMjAlMjAlMjAlM0NkaXYlMjBjbGFzcyUzRCUyMnNjX2Zvcm1fYWRkcmVzc19maWVsZCUyMiUzRSUwQSUyMCUyMCUyMCUyMCUyMCUyMCUzQ3NwYW4lMjBjbGFzcyUzRCUyMnNjX2Zvcm1fYWRkcmVzc19sYWJlbCUyMiUzRU1haWwlM0ElM0MlMkZzcGFuJTNFJTBBJTIwJTIwJTIwJTIwJTIwJTIwJTNDc3BhbiUyMGNsYXNzJTNEJTIyc2NfZm9ybV9hZGRyZXNzX2RhdGElMjBtYWlsJTIyJTNFaW5mbyU0MGV4Y2VsbGVudGNhcmUuZXMlM0MlMkZzcGFuJTNFJTBBJTIwJTIwJTIwJTIwJTNDJTJGZGl2JTNFJTBBJTIwJTIwJTNDJTJGZGl2JTNFJTBBJTNDJTJGZGl2JTNF[\/vc_raw_html][vc_single_image [&hellip;]<\/p>\n","protected":false},"author":1,"featured_media":2148,"parent":0,"menu_order":0,"comment_status":"closed","ping_status":"closed","template":"","meta":{"footnotes":""},"class_list":["post-2144","page","type-page","status-publish","has-post-thumbnail","hentry"],"_links":{"self":[{"href":"https:\/\/excellentcare.es\/de\/wp-json\/wp\/v2\/pages\/2144","targetHints":{"allow":["GET"]}}],"collection":[{"href":"https:\/\/excellentcare.es\/de\/wp-json\/wp\/v2\/pages"}],"about":[{"href":"https:\/\/excellentcare.es\/de\/wp-json\/wp\/v2\/types\/page"}],"author":[{"embeddable":true,"href":"https:\/\/excellentcare.es\/de\/wp-json\/wp\/v2\/users\/1"}],"replies":[{"embeddable":true,"href":"https:\/\/excellentcare.es\/de\/wp-json\/wp\/v2\/comments?post=2144"}],"version-history":[{"count":6,"href":"https:\/\/excellentcare.es\/de\/wp-json\/wp\/v2\/pages\/2144\/revisions"}],"predecessor-version":[{"id":2835,"href":"https:\/\/excellentcare.es\/de\/wp-json\/wp\/v2\/pages\/2144\/revisions\/2835"}],"wp:featuredmedia":[{"embeddable":true,"href":"https:\/\/excellentcare.es\/de\/wp-json\/wp\/v2\/media\/2148"}],"wp:attachment":[{"href":"https:\/\/excellentcare.es\/de\/wp-json\/wp\/v2\/media?parent=2144"}],"curies":[{"name":"wp","href":"https:\/\/api.w.org\/{rel}","templated":true}]}}